{"id":28687,"date":"2025-04-09T17:51:56","date_gmt":"2025-04-09T15:51:56","guid":{"rendered":"https:\/\/www.visitlakeidro.com\/agritourism-farms-lake-idro-and-surroundings\/"},"modified":"2026-02-11T09:18:00","modified_gmt":"2026-02-11T08:18:00","slug":"agriturismo-betriebe-idrosee-und-umgebung","status":"publish","type":"page","link":"https:\/\/www.visitlakeidro.com\/de\/agriturismo-betriebe-idrosee-und-umgebung\/","title":{"rendered":"Agriturismo-Betriebe Idrosee und Umgebung"},"content":{"rendered":"<section class=\"l-section wpb_row height_large color_alternate\"><div class=\"l-section-h i-cf\"><div class=\"g-cols vc_row via_grid cols_1 laptops-cols_inherit tablets-cols_inherit mobiles-cols_1 valign_top type_default stacking_default\"><div class=\"wpb_column vc_column_container\"><div class=\"vc_column-inner\"><h1 class=\"w-post-elm post_title entry-title color_link_inherit\">Agriturismo-Betriebe Idrosee und Umgebung<\/h1><\/div><\/div><\/div><\/div><\/section><section class=\"l-section wpb_row height_medium\"><div class=\"l-section-h i-cf\"><div class=\"g-cols vc_row via_grid cols_1 laptops-cols_inherit tablets-cols_inherit mobiles-cols_1 valign_top type_default stacking_default\"><div class=\"wpb_column vc_column_container\"><div class=\"vc_column-inner\"><div class=\"g-cols wpb_row us_custom_d77bca1a us_animate_this via_grid cols_1-5 laptops-cols_inherit tablets-cols_inherit mobiles-cols_1 valign_middle type_default\" style=\"--columns-gap:0rem;\"><div class=\"wpb_column vc_column_container\"><div class=\"vc_column-inner\"><\/div><\/div><div class=\"wpb_column vc_column_container us_custom_33610a01\"><div class=\"vc_column-inner\"><div class=\"wpb_text_column\"><div class=\"wpb_wrapper\"><h3>Eine Liste mit Agriturismo-Betrieben am Idrosee und in der Umgebung<\/h3>\n<p>Finde die besten Agriturismo-Betriebe in der N\u00e4he des Idrosees und in der Umgebung.<\/p>\n<\/div><\/div><\/div><\/div><\/div><\/div><\/div><\/div><\/div><\/section><section class=\"l-section wpb_row height_medium\"><div class=\"l-section-h i-cf\"><div class=\"g-cols vc_row via_grid cols_1 laptops-cols_inherit tablets-cols_inherit mobiles-cols_1 valign_top type_default stacking_default\"><div class=\"wpb_column vc_column_container\"><div class=\"vc_column-inner\"><div class=\"w-grid us_post_list apply_url_params type_grid layout_19540 cols_3 overflow_hidden preload_style_spinner\" id=\"us_post_list_x415\" style=\"--columns:3;--gap:1.5rem;\"><style>@media (max-width:1024px){#us_post_list_x415{--columns:2!important}}@media (max-width:600px){#us_post_list_x415{--columns:1!important}}.layout_19540 .w-grid-item-h{background:#ffffff;color:#384048;border-radius:0.1rem;box-shadow:0 0.03rem 0.06rem rgba(0,0,0,0.1),0 0.1rem 0.3rem rgba(0,0,0,0.1);transition-duration:0.3s}.no-touch .layout_19540 .w-grid-item-h:hover{box-shadow:0 0.1rem 0.2rem rgba(0,0,0,0.1),0 0.33rem 1rem rgba(0,0,0,0.15);z-index:4}.layout_19540 .usg_post_title_1{font-size:1.25rem!important;line-height:1.4em!important;font-weight:600!important;width:100%!important;padding-bottom:10px!important;border-bottom-width:1px!important;border-color:#e8e8e8!important;border-bottom-style:solid!important}.layout_19540 .usg_vwrapper_1{padding:9% 9% 11% 9%!important}.layout_19540 .usg_post_taxonomy_1{font-weight:700!important;text-transform:uppercase!important;font-size:10px!important;position:absolute!important;top:1.2rem!important;right:1.2rem!important;left:1.2rem!important}.layout_19540 .usg_post_custom_field_3{font-size:15px!important;font-weight:400!important}.layout_19540 .usg_post_content_1{font-size:15px!important;line-height:1.4!important;font-weight:400!important;padding-top:10px!important;border-top-width:1px!important;border-color:#e8e8e8!important;border-top-style:solid!important}.layout_19540 .usg_post_custom_field_1{font-size:15px!important;font-weight:400!important}@media (max-width:600px){.layout_19540 .usg_post_title_1{font-size:1.2rem!important}}<\/style><div class=\"w-grid-list\">\t<article class=\"w-grid-item size_1x1 post-22574 negozi type-negozi status-publish has-post-thumbnail hentry category-aziende-agricole-de\" data-id=\"22574\">\r\n\t\t<div class=\"w-grid-item-h\">\r\n\t\t\t\t\t\t\t<a href=\"https:\/\/www.visitlakeidro.com\/de\/negozi\/landwirtschaftsbetrieb-zeruna\/\" class=\"w-grid-item-anchor\" aria-label=\"Landwirtschaftsbetrieb Zeruna\"><\/a>\r\n\t\t\t\t\t\t<div class=\"w-post-elm post_image usg_post_image_1 has_ratio\"><img loading=\"lazy\" decoding=\"async\" width=\"1200\" height=\"800\" src=\"https:\/\/www.visitlakeidro.com\/wp-content\/uploads\/2023\/04\/1-1.jpg\" class=\"attachment-us_1280_900_crop size-us_1280_900_crop wp-post-image\" alt=\"\" \/><div style=\"padding-bottom:66.6667%\"><\/div><\/div><div class=\"w-post-elm post_taxonomy usg_post_taxonomy_1 style_badge color_link_inherit\"><span class=\"w-btn us-btn-style_badge term-1041 term-aziende-agricole-de\">Aziende Agricole<\/span><\/div><div class=\"w-vwrapper usg_vwrapper_1 align_left valign_top\"><h2 class=\"w-post-elm post_title usg_post_title_1 entry-title color_link_inherit\">Landwirtschaftsbetrieb Zeruna<\/h2><div class=\"w-vwrapper usg_vwrapper_2 align_left valign_top\" style=\"--vwrapper-gap:0.1rem\"><div class=\"w-post-elm post_custom_field usg_post_custom_field_3 type_text paesenegozio color_link_inherit\"><i class=\"fas fa-map-marker-alt\"><\/i><span class=\"w-post-elm-value\">Pertica Bassa<\/span><\/div><div class=\"w-post-elm post_content usg_post_content_1\">Azienda Agricola Zeruna ist ein kleiner Bergbauernhof. Verkauf und Anbau von Kr\u00e4utern und Wildobst, die typisch f\u00fcr unsere Berge sind.<\/div><\/div><\/div>\t\t<\/div>\r\n\t\t\t<\/article>\r\n\t<article class=\"w-grid-item size_1x1 post-28847 negozi type-negozi status-publish has-post-thumbnail hentry category-aziende-agricole-de\" data-id=\"28847\">\r\n\t\t<div class=\"w-grid-item-h\">\r\n\t\t\t\t\t\t\t<a href=\"https:\/\/www.visitlakeidro.com\/de\/negozi\/azienda-agricola-terre-solive\/\" class=\"w-grid-item-anchor\" aria-label=\"Azienda Agricola Terre Solive\"><\/a>\r\n\t\t\t\t\t\t<div class=\"w-post-elm post_image usg_post_image_1 has_ratio\"><img loading=\"lazy\" decoding=\"async\" width=\"1280\" height=\"900\" src=\"https:\/\/www.visitlakeidro.com\/wp-content\/uploads\/2025\/06\/PHOTO-2025-06-13-14-04-13-1280x900.jpg\" class=\"attachment-us_1280_900_crop size-us_1280_900_crop wp-post-image\" alt=\"\" \/><div style=\"padding-bottom:66.6667%\"><\/div><\/div><div class=\"w-post-elm post_taxonomy usg_post_taxonomy_1 style_badge color_link_inherit\"><span class=\"w-btn us-btn-style_badge term-1041 term-aziende-agricole-de\">Aziende Agricole<\/span><\/div><div class=\"w-vwrapper usg_vwrapper_1 align_left valign_top\"><h2 class=\"w-post-elm post_title usg_post_title_1 entry-title color_link_inherit\">Azienda Agricola Terre Solive<\/h2><div class=\"w-vwrapper usg_vwrapper_2 align_left valign_top\" style=\"--vwrapper-gap:0.1rem\"><div class=\"w-post-elm post_custom_field usg_post_custom_field_3 type_text paesenegozio color_link_inherit\"><i class=\"fas fa-map-marker-alt\"><\/i><span class=\"w-post-elm-value\">Bagolino<\/span><\/div><div class=\"w-post-elm post_content usg_post_content_1\">Agriturismo und didaktischer Bauernhof. Authentische und biologische Produkte, typisch f\u00fcr das Gebiet Alta Valle Sabbia.<\/div><\/div><\/div>\t\t<\/div>\r\n\t\t\t<\/article>\r\n\t<article class=\"w-grid-item size_1x1 post-28940 negozi type-negozi status-publish has-post-thumbnail hentry category-aziende-agricole-de\" data-id=\"28940\">\r\n\t\t<div class=\"w-grid-item-h\">\r\n\t\t\t\t\t\t\t<a href=\"https:\/\/www.visitlakeidro.com\/de\/negozi\/azienda-agricola-eggiolini\/\" class=\"w-grid-item-anchor\" aria-label=\"Azienda Agricola Eggiolini\"><\/a>\r\n\t\t\t\t\t\t<div class=\"w-post-elm post_image usg_post_image_1 has_ratio\"><img loading=\"lazy\" decoding=\"async\" width=\"1280\" height=\"900\" src=\"https:\/\/www.visitlakeidro.com\/wp-content\/uploads\/2025\/06\/Azienda-agricola-Eggiolini-3-1280x900.jpeg\" class=\"attachment-us_1280_900_crop size-us_1280_900_crop wp-post-image\" alt=\"\" \/><div style=\"padding-bottom:66.6667%\"><\/div><\/div><div class=\"w-post-elm post_taxonomy usg_post_taxonomy_1 style_badge color_link_inherit\"><span class=\"w-btn us-btn-style_badge term-1041 term-aziende-agricole-de\">Aziende Agricole<\/span><\/div><div class=\"w-vwrapper usg_vwrapper_1 align_left valign_top\"><h2 class=\"w-post-elm post_title usg_post_title_1 entry-title color_link_inherit\">Azienda Agricola Eggiolini<\/h2><div class=\"w-vwrapper usg_vwrapper_2 align_left valign_top\" style=\"--vwrapper-gap:0.1rem\"><div class=\"w-post-elm post_custom_field usg_post_custom_field_3 type_text paesenegozio color_link_inherit\"><i class=\"fas fa-map-marker-alt\"><\/i><span class=\"w-post-elm-value\">Capovalle<\/span><\/div><div class=\"w-post-elm post_content usg_post_content_1\">Auf unserem Bauernhof machen wir gereiften K\u00e4se, den ber\u00fchmten Tombea, den es nur in Valvestino und Capovalle gibt, sowie kleine K\u00e4sesorten, Joghurt und&hellip;<\/div><\/div><\/div>\t\t<\/div>\r\n\t\t\t<\/article>\r\n<\/div><div class=\"g-loadmore hidden\"><div class=\"g-preloader type_4\"><div><\/div><\/div><\/div><div class=\"w-grid-list-json hidden\" onclick='return {&quot;max_num_pages&quot;:0,&quot;paginationBase&quot;:&quot;page&quot;,&quot;pagination&quot;:&quot;none&quot;,&quot;paged&quot;:1,&quot;ajaxData&quot;:{&quot;action&quot;:&quot;us_ajax_post_list&quot;,&quot;meta_type&quot;:&quot;post&quot;,&quot;object_id&quot;:0,&quot;template_vars&quot;:{&quot;shortcode_base&quot;:&quot;us_post_list&quot;,&quot;paged&quot;:1,&quot;max_num_pages&quot;:0,&quot;no_results&quot;:false,&quot;us_post_content_design_css&quot;:[],&quot;found_posts&quot;:0,&quot;per_page&quot;:1000,&quot;items_count&quot;:3,&quot;orderby_random_seed&quot;:1694091993,&quot;source&quot;:&quot;all&quot;,&quot;custom_field_name&quot;:&quot;&quot;,&quot;ids&quot;:&quot;&quot;,&quot;post_type&quot;:&quot;negozi&quot;,&quot;attachment_ids&quot;:null,&quot;include_post_thumbnail&quot;:0,&quot;post_author&quot;:&quot;any&quot;,&quot;post_author_ids&quot;:&quot;&quot;,&quot;apply_url_params&quot;:&quot;1&quot;,&quot;ignore_sticky_posts&quot;:&quot;0&quot;,&quot;exclude_children&quot;:0,&quot;exclude_current_post&quot;:1,&quot;exclude_prev_posts&quot;:0,&quot;exclude_past_events&quot;:&quot;1&quot;,&quot;enable_items_offset&quot;:0,&quot;items_offset&quot;:&quot;1&quot;,&quot;tax_query_relation&quot;:&quot;AND&quot;,&quot;tax_query&quot;:&quot;%5B%7B%22operator%22%3A%22IN%22%2C%22taxonomy%22%3A%22category%22%2C%22terms%22%3A%221041%22%2C%22include_children%22%3A0%7D%5D&quot;,&quot;meta_query_relation&quot;:&quot;none&quot;,&quot;meta_query&quot;:[{&quot;key&quot;:&quot;custom_field_name&quot;,&quot;compare&quot;:&quot;=&quot;,&quot;value&quot;:&quot;&quot;}],&quot;orderby&quot;:&quot;rand&quot;,&quot;orderby_custom_field&quot;:&quot;&quot;,&quot;orderby_custom_type&quot;:0,&quot;order_invert&quot;:&quot;1&quot;,&quot;show_all&quot;:0,&quot;quantity&quot;:&quot;1000&quot;,&quot;posts_per_archive_page&quot;:0,&quot;no_items_action&quot;:&quot;message&quot;,&quot;no_items_message&quot;:&quot;Es wurden keine Ergebnisse gefunden.&quot;,&quot;no_items_page_block&quot;:&quot;&quot;,&quot;pagination&quot;:&quot;none&quot;,&quot;pagination_style&quot;:&quot;&quot;,&quot;pagination_btn_text&quot;:&quot;Mehr laden&quot;,&quot;pagination_btn_size&quot;:&quot;&quot;,&quot;pagination_btn_style&quot;:&quot;1&quot;,&quot;pagination_btn_fullwidth&quot;:0,&quot;items_layout&quot;:&quot;19540&quot;,&quot;type&quot;:&quot;grid&quot;,&quot;items_valign&quot;:0,&quot;ignore_items_size&quot;:0,&quot;columns&quot;:&quot;3&quot;,&quot;items_gap&quot;:&quot;1.5rem&quot;,&quot;load_animation&quot;:&quot;none&quot;,&quot;items_preload_style&quot;:&quot;spinner&quot;,&quot;img_size&quot;:&quot;default&quot;,&quot;title_size&quot;:&quot;&quot;,&quot;items_ratio&quot;:&quot;default&quot;,&quot;items_ratio_width&quot;:&quot;21&quot;,&quot;items_ratio_height&quot;:&quot;9&quot;,&quot;overriding_link&quot;:&quot;%7B%22type%22%3A%22post%22%7D&quot;,&quot;popup_page_template&quot;:&quot;0&quot;,&quot;popup_width&quot;:&quot;&quot;,&quot;popup_arrows&quot;:1,&quot;breakpoint_1_width&quot;:&quot;1381px&quot;,&quot;breakpoint_1_cols&quot;:&quot;3&quot;,&quot;breakpoint_1_quantity&quot;:&quot;&quot;,&quot;breakpoint_1_gap&quot;:&quot;&quot;,&quot;breakpoint_2_width&quot;:&quot;1025px&quot;,&quot;breakpoint_2_cols&quot;:&quot;2&quot;,&quot;breakpoint_2_quantity&quot;:&quot;&quot;,&quot;breakpoint_2_gap&quot;:&quot;&quot;,&quot;breakpoint_3_width&quot;:&quot;601px&quot;,&quot;breakpoint_3_cols&quot;:&quot;1&quot;,&quot;breakpoint_3_quantity&quot;:&quot;&quot;,&quot;breakpoint_3_gap&quot;:&quot;&quot;,&quot;conditions_operator&quot;:&quot;always&quot;,&quot;conditions&quot;:[],&quot;css&quot;:null,&quot;el_class&quot;:&quot;&quot;,&quot;el_id&quot;:&quot;&quot;,&quot;enable_custom_html_atts&quot;:0,&quot;custom_html_atts&quot;:null,&quot;hide_on_states&quot;:&quot;&quot;,&quot;hide_for_sticky&quot;:0,&quot;hide_for_not_sticky&quot;:0,&quot;hide_below&quot;:&quot;0px&quot;,&quot;hide_above&quot;:&quot;0px&quot;,&quot;classes&quot;:&quot;&quot;},&quot;found_posts&quot;:0,&quot;per_page&quot;:1000,&quot;orderby_random_seed&quot;:1694091993,&quot;list_filters&quot;:&quot;[]&quot;},&quot;facetedFilter&quot;:{&quot;query_args_unfiltered&quot;:&quot;{\\&quot;ignore_sticky_posts\\&quot;:false,\\&quot;post__not_in\\&quot;:[],\\&quot;tax_query\\&quot;:{\\&quot;0\\&quot;:{\\&quot;operator\\&quot;:\\&quot;IN\\&quot;,\\&quot;taxonomy\\&quot;:\\&quot;category\\&quot;,\\&quot;terms\\&quot;:[\\&quot;1041\\&quot;],\\&quot;include_children\\&quot;:false},\\&quot;relation\\&quot;:\\&quot;AND\\&quot;},\\&quot;meta_query\\&quot;:[],\\&quot;posts_per_page\\&quot;:1000,\\&quot;paged\\&quot;:1,\\&quot;apply_list_url_params\\&quot;:true,\\&quot;post_type\\&quot;:[\\&quot;negozi\\&quot;],\\&quot;no_found_rows\\&quot;:true,\\&quot;post_status\\&quot;:\\&quot;publish\\&quot;}&quot;}}'><\/div><\/div><\/div><\/div><\/div><\/div><\/section>\n","protected":false},"excerpt":{"rendered":"Der Bauernhof Eggiolini entstand aus der Leidenschaft und Tradition der Familie. Zuerst mit dem Gro\u00dfvater, dann mit dem Vater und jetzt mit Germano. Tombea-K\u00e4se Der Bauernhof macht gereiften K\u00e4se, den ber\u00fchmten Tombea, den es nur in Valvestino und Capovalle gibt, sowie andere K\u00e4sesorten, Joghurt und Butter \u2013 alles kannst du in unserem Laden kaufen. Weil...","protected":false},"author":1,"featured_media":0,"parent":0,"menu_order":0,"comment_status":"closed","ping_status":"closed","template":"","meta":{"_acf_changed":false,"inline_featured_image":false,"footnotes":""},"class_list":["post-28687","page","type-page","status-publish","hentry"],"acf":[],"yoast_head":"<!-- This site is optimized with the Yoast SEO plugin v27.2 - https:\/\/yoast.com\/product\/yoast-seo-wordpress\/ -->\n<title>Agriturismo-Betriebe Idrosee und Umgebung - Visit Lake Idro<\/title>\n<meta name=\"description\" content=\"Bauernh\u00f6fe. Entdecke die besten agritouristischen Farms in der N\u00e4he des Idro-Sees und in der Umgebung.\" \/>\n<meta name=\"robots\" content=\"index, follow, max-snippet:-1, max-image-preview:large, max-video-preview:-1\" \/>\n<link rel=\"canonical\" href=\"https:\/\/www.visitlakeidro.com\/de\/agriturismo-betriebe-idrosee-und-umgebung\/\" \/>\n<meta property=\"og:locale\" content=\"de_DE\" \/>\n<meta property=\"og:type\" content=\"article\" \/>\n<meta property=\"og:title\" content=\"Agriturismo-Betriebe Idrosee und Umgebung - Visit Lake Idro\" \/>\n<meta property=\"og:description\" content=\"Bauernh\u00f6fe. Entdecke die besten agritouristischen Farms in der N\u00e4he des Idro-Sees und in der Umgebung.\" \/>\n<meta property=\"og:url\" content=\"https:\/\/www.visitlakeidro.com\/de\/agriturismo-betriebe-idrosee-und-umgebung\/\" \/>\n<meta property=\"og:site_name\" content=\"Visit Lake Idro\" \/>\n<meta property=\"article:publisher\" content=\"https:\/\/www.facebook.com\/lakeidrotravel\/\" \/>\n<meta property=\"article:modified_time\" content=\"2026-02-11T08:18:00+00:00\" \/>\n<meta name=\"twitter:card\" content=\"summary_large_image\" \/>\n<meta name=\"twitter:label1\" content=\"Gesch\u00e4tzte Lesezeit\" \/>\n\t<meta name=\"twitter:data1\" content=\"1\u00a0Minute\" \/>\n<script type=\"application\/ld+json\" class=\"yoast-schema-graph\">{\"@context\":\"https:\/\/schema.org\",\"@graph\":[{\"@type\":\"WebPage\",\"@id\":\"https:\/\/www.visitlakeidro.com\/de\/agriturismo-betriebe-idrosee-und-umgebung\/\",\"url\":\"https:\/\/www.visitlakeidro.com\/de\/agriturismo-betriebe-idrosee-und-umgebung\/\",\"name\":\"Agriturismo-Betriebe Idrosee und Umgebung - Visit Lake Idro\",\"isPartOf\":{\"@id\":\"https:\/\/www.visitlakeidro.com\/#website\"},\"datePublished\":\"2025-04-09T15:51:56+00:00\",\"dateModified\":\"2026-02-11T08:18:00+00:00\",\"description\":\"Bauernh\u00f6fe. Entdecke die besten agritouristischen Farms in der N\u00e4he des Idro-Sees und in der Umgebung.\",\"breadcrumb\":{\"@id\":\"https:\/\/www.visitlakeidro.com\/de\/agriturismo-betriebe-idrosee-und-umgebung\/#breadcrumb\"},\"inLanguage\":\"de\",\"potentialAction\":[{\"@type\":\"ReadAction\",\"target\":[\"https:\/\/www.visitlakeidro.com\/de\/agriturismo-betriebe-idrosee-und-umgebung\/\"]}]},{\"@type\":\"BreadcrumbList\",\"@id\":\"https:\/\/www.visitlakeidro.com\/de\/agriturismo-betriebe-idrosee-und-umgebung\/#breadcrumb\",\"itemListElement\":[{\"@type\":\"ListItem\",\"position\":1,\"name\":\"Home\",\"item\":\"https:\/\/www.visitlakeidro.com\/\"},{\"@type\":\"ListItem\",\"position\":2,\"name\":\"Agriturismo-Betriebe Idrosee und Umgebung\"}]},{\"@type\":\"WebSite\",\"@id\":\"https:\/\/www.visitlakeidro.com\/#website\",\"url\":\"https:\/\/www.visitlakeidro.com\/\",\"name\":\"Visit Lake Idro\",\"description\":\"Visit Lake Idro\",\"publisher\":{\"@id\":\"https:\/\/www.visitlakeidro.com\/#organization\"},\"potentialAction\":[{\"@type\":\"SearchAction\",\"target\":{\"@type\":\"EntryPoint\",\"urlTemplate\":\"https:\/\/www.visitlakeidro.com\/?s={search_term_string}\"},\"query-input\":{\"@type\":\"PropertyValueSpecification\",\"valueRequired\":true,\"valueName\":\"search_term_string\"}}],\"inLanguage\":\"de\"},{\"@type\":\"Organization\",\"@id\":\"https:\/\/www.visitlakeidro.com\/#organization\",\"name\":\"Visit Lake Idro\",\"url\":\"https:\/\/www.visitlakeidro.com\/\",\"logo\":{\"@type\":\"ImageObject\",\"inLanguage\":\"de\",\"@id\":\"https:\/\/www.visitlakeidro.com\/#\/schema\/logo\/image\/\",\"url\":\"https:\/\/www.visitlakeidro.com\/wp-content\/uploads\/2025\/02\/LOGO.svg\",\"contentUrl\":\"https:\/\/www.visitlakeidro.com\/wp-content\/uploads\/2025\/02\/LOGO.svg\",\"width\":138,\"height\":50,\"caption\":\"Visit Lake Idro\"},\"image\":{\"@id\":\"https:\/\/www.visitlakeidro.com\/#\/schema\/logo\/image\/\"},\"sameAs\":[\"https:\/\/www.facebook.com\/lakeidrotravel\/\",\"https:\/\/www.instagram.com\/lake_idro_travel\/\"]}]}<\/script>\n<!-- \/ Yoast SEO plugin. -->","yoast_head_json":{"title":"Agriturismo-Betriebe Idrosee und Umgebung - Visit Lake Idro","description":"Bauernh\u00f6fe. Entdecke die besten agritouristischen Farms in der N\u00e4he des Idro-Sees und in der Umgebung.","robots":{"index":"index","follow":"follow","max-snippet":"max-snippet:-1","max-image-preview":"max-image-preview:large","max-video-preview":"max-video-preview:-1"},"canonical":"https:\/\/www.visitlakeidro.com\/de\/agriturismo-betriebe-idrosee-und-umgebung\/","og_locale":"de_DE","og_type":"article","og_title":"Agriturismo-Betriebe Idrosee und Umgebung - Visit Lake Idro","og_description":"Bauernh\u00f6fe. Entdecke die besten agritouristischen Farms in der N\u00e4he des Idro-Sees und in der Umgebung.","og_url":"https:\/\/www.visitlakeidro.com\/de\/agriturismo-betriebe-idrosee-und-umgebung\/","og_site_name":"Visit Lake Idro","article_publisher":"https:\/\/www.facebook.com\/lakeidrotravel\/","article_modified_time":"2026-02-11T08:18:00+00:00","twitter_card":"summary_large_image","twitter_misc":{"Gesch\u00e4tzte Lesezeit":"1\u00a0Minute"},"schema":{"@context":"https:\/\/schema.org","@graph":[{"@type":"WebPage","@id":"https:\/\/www.visitlakeidro.com\/de\/agriturismo-betriebe-idrosee-und-umgebung\/","url":"https:\/\/www.visitlakeidro.com\/de\/agriturismo-betriebe-idrosee-und-umgebung\/","name":"Agriturismo-Betriebe Idrosee und Umgebung - Visit Lake Idro","isPartOf":{"@id":"https:\/\/www.visitlakeidro.com\/#website"},"datePublished":"2025-04-09T15:51:56+00:00","dateModified":"2026-02-11T08:18:00+00:00","description":"Bauernh\u00f6fe. Entdecke die besten agritouristischen Farms in der N\u00e4he des Idro-Sees und in der Umgebung.","breadcrumb":{"@id":"https:\/\/www.visitlakeidro.com\/de\/agriturismo-betriebe-idrosee-und-umgebung\/#breadcrumb"},"inLanguage":"de","potentialAction":[{"@type":"ReadAction","target":["https:\/\/www.visitlakeidro.com\/de\/agriturismo-betriebe-idrosee-und-umgebung\/"]}]},{"@type":"BreadcrumbList","@id":"https:\/\/www.visitlakeidro.com\/de\/agriturismo-betriebe-idrosee-und-umgebung\/#breadcrumb","itemListElement":[{"@type":"ListItem","position":1,"name":"Home","item":"https:\/\/www.visitlakeidro.com\/"},{"@type":"ListItem","position":2,"name":"Agriturismo-Betriebe Idrosee und Umgebung"}]},{"@type":"WebSite","@id":"https:\/\/www.visitlakeidro.com\/#website","url":"https:\/\/www.visitlakeidro.com\/","name":"Visit Lake Idro","description":"Visit Lake Idro","publisher":{"@id":"https:\/\/www.visitlakeidro.com\/#organization"},"potentialAction":[{"@type":"SearchAction","target":{"@type":"EntryPoint","urlTemplate":"https:\/\/www.visitlakeidro.com\/?s={search_term_string}"},"query-input":{"@type":"PropertyValueSpecification","valueRequired":true,"valueName":"search_term_string"}}],"inLanguage":"de"},{"@type":"Organization","@id":"https:\/\/www.visitlakeidro.com\/#organization","name":"Visit Lake Idro","url":"https:\/\/www.visitlakeidro.com\/","logo":{"@type":"ImageObject","inLanguage":"de","@id":"https:\/\/www.visitlakeidro.com\/#\/schema\/logo\/image\/","url":"https:\/\/www.visitlakeidro.com\/wp-content\/uploads\/2025\/02\/LOGO.svg","contentUrl":"https:\/\/www.visitlakeidro.com\/wp-content\/uploads\/2025\/02\/LOGO.svg","width":138,"height":50,"caption":"Visit Lake Idro"},"image":{"@id":"https:\/\/www.visitlakeidro.com\/#\/schema\/logo\/image\/"},"sameAs":["https:\/\/www.facebook.com\/lakeidrotravel\/","https:\/\/www.instagram.com\/lake_idro_travel\/"]}]}},"_links":{"self":[{"href":"https:\/\/www.visitlakeidro.com\/de\/wp-json\/wp\/v2\/pages\/28687","targetHints":{"allow":["GET"]}}],"collection":[{"href":"https:\/\/www.visitlakeidro.com\/de\/wp-json\/wp\/v2\/pages"}],"about":[{"href":"https:\/\/www.visitlakeidro.com\/de\/wp-json\/wp\/v2\/types\/page"}],"author":[{"embeddable":true,"href":"https:\/\/www.visitlakeidro.com\/de\/wp-json\/wp\/v2\/users\/1"}],"replies":[{"embeddable":true,"href":"https:\/\/www.visitlakeidro.com\/de\/wp-json\/wp\/v2\/comments?post=28687"}],"version-history":[{"count":4,"href":"https:\/\/www.visitlakeidro.com\/de\/wp-json\/wp\/v2\/pages\/28687\/revisions"}],"predecessor-version":[{"id":29897,"href":"https:\/\/www.visitlakeidro.com\/de\/wp-json\/wp\/v2\/pages\/28687\/revisions\/29897"}],"wp:attachment":[{"href":"https:\/\/www.visitlakeidro.com\/de\/wp-json\/wp\/v2\/media?parent=28687"}],"curies":[{"name":"wp","href":"https:\/\/api.w.org\/{rel}","templated":true}]}}